{"id":2128,"date":"2022-04-03T10:33:29","date_gmt":"2022-04-03T08:33:29","guid":{"rendered":"https:\/\/www.alliances-celestes.com\/?page_id=2128"},"modified":"2023-03-20T18:39:57","modified_gmt":"2023-03-20T17:39:57","slug":"marie-christine-roussel","status":"publish","type":"page","link":"https:\/\/www.alliances-celestes.com\/es\/assistance-coaching\/les-praticiens\/marie-christine-roussel\/","title":{"rendered":"Marie-Christine Roussel"},"content":{"rendered":"<div data-elementor-type=\"wp-page\" data-elementor-id=\"2128\" class=\"elementor elementor-2128\" data-elementor-settings=\"{&quot;ha_cmc_init_switcher&quot;:&quot;no&quot;}\" data-elementor-post-type=\"page\">\n\t\t\t\t\t\t<section data-particle_enable=\"false\" data-particle-mobile-disabled=\"false\" class=\"elementor-section elementor-top-section elementor-element elementor-element-639ffd0f elementor-section-boxed elementor-section-height-default elementor-section-height-default exad-glass-effect-no exad-sticky-section-no\" data-id=\"639ffd0f\" data-element_type=\"section\">\n\t\t\t\t\t\t<div class=\"elementor-container elementor-column-gap-default\">\n\t\t\t\t\t<div class=\"elementor-column elementor-col-100 elementor-top-column elementor-element elementor-element-7c5a47c9 exad-glass-effect-no exad-sticky-section-no\" data-id=\"7c5a47c9\" data-element_type=\"column\">\n\t\t\t<div class=\"elementor-widget-wrap elementor-element-populated\">\n\t\t\t\t\t\t<div class=\"elementor-element elementor-element-3645a41e e-grid-align-right elementor-shape-rounded elementor-grid-0 exad-sticky-section-no exad-glass-effect-no elementor-invisible elementor-widget elementor-widget-social-icons\" data-id=\"3645a41e\" data-element_type=\"widget\" data-settings=\"{&quot;_animation&quot;:&quot;jello&quot;}\" data-widget_type=\"social-icons.default\">\n\t\t\t\t<div class=\"elementor-widget-container\">\n\t\t\t\t\t\t\t<div class=\"elementor-social-icons-wrapper elementor-grid\" role=\"list\">\n\t\t\t\t\t\t\t<span class=\"elementor-grid-item\" role=\"listitem\">\n\t\t\t\t\t<a class=\"elementor-icon elementor-social-icon elementor-social-icon-vk elementor-repeater-item-072f30f\" href=\"https:\/\/vk.com\/alliancescelestesfrance?t2fs=cc6d483210c9e3de94_2\" target=\"_blank\">\n\t\t\t\t\t\t<span class=\"elementor-screen-only\">Vk<\/span>\n\t\t\t\t\t\t<i class=\"fab fa-vk\"><\/i>\t\t\t\t\t<\/a>\n\t\t\t\t<\/span>\n\t\t\t\t\t\t\t<span class=\"elementor-grid-item\" role=\"listitem\">\n\t\t\t\t\t<a class=\"elementor-icon elementor-social-icon elementor-social-icon-youtube elementor-repeater-item-633b8e3\" href=\"https:\/\/www.youtube.com\/channel\/UCNyhu9pHPOlLZO_WeNn26Tw\" target=\"_blank\">\n\t\t\t\t\t\t<span class=\"elementor-screen-only\">Youtube<\/span>\n\t\t\t\t\t\t<i class=\"fab fa-youtube\"><\/i>\t\t\t\t\t<\/a>\n\t\t\t\t<\/span>\n\t\t\t\t\t<\/div>\n\t\t\t\t\t\t<\/div>\n\t\t\t\t<\/div>\n\t\t\t\t\t<\/div>\n\t\t<\/div>\n\t\t\t\t\t<\/div>\n\t\t<\/section>\n\t\t\t\t<section data-particle_enable=\"false\" data-particle-mobile-disabled=\"false\" class=\"elementor-section elementor-top-section elementor-element elementor-element-3e308669 elementor-section-boxed elementor-section-height-default elementor-section-height-default exad-glass-effect-no exad-sticky-section-no\" data-id=\"3e308669\" data-element_type=\"section\">\n\t\t\t\t\t\t<div class=\"elementor-container elementor-column-gap-default\">\n\t\t\t\t\t<div class=\"elementor-column elementor-col-50 elementor-top-column elementor-element elementor-element-46467df2 exad-glass-effect-no exad-sticky-section-no\" data-id=\"46467df2\" data-element_type=\"column\">\n\t\t\t<div class=\"elementor-widget-wrap elementor-element-populated\">\n\t\t\t\t\t\t<div class=\"elementor-element elementor-element-3260413c exad-sticky-section-no exad-glass-effect-no elementor-widget elementor-widget-html\" data-id=\"3260413c\" data-element_type=\"widget\" data-widget_type=\"html.default\">\n\t\t\t\t<div class=\"elementor-widget-container\">\n\t\t\t\t\t<p align=\"left\">\r\n\t<img fetchpriority=\"high\" decoding=\"async\" border=\"0\" src=\"https:\/\/www.alliances-celestes.com\/wp-content\/uploads\/2022\/logos\/logo_untour.gif\" width=\"300\" height=\"300\">\r\n<\/p>\r\n\t\t\t\t<\/div>\n\t\t\t\t<\/div>\n\t\t\t\t\t<\/div>\n\t\t<\/div>\n\t\t\t\t<div class=\"elementor-column elementor-col-50 elementor-top-column elementor-element elementor-element-5251bb81 exad-glass-effect-no exad-sticky-section-no\" data-id=\"5251bb81\" data-element_type=\"column\">\n\t\t\t<div class=\"elementor-widget-wrap elementor-element-populated\">\n\t\t\t\t\t\t<div class=\"elementor-element elementor-element-4588bdd exad-sticky-section-no exad-glass-effect-no elementor-invisible elementor-widget elementor-widget-heading\" data-id=\"4588bdd\" data-element_type=\"widget\" data-settings=\"{&quot;_animation&quot;:&quot;rotateInUpRight&quot;}\" data-widget_type=\"heading.default\">\n\t\t\t\t<div class=\"elementor-widget-container\">\n\t\t\t\t\t<h6 class=\"elementor-heading-title elementor-size-large\">A.C.F.<\/h6>\t\t\t\t<\/div>\n\t\t\t\t<\/div>\n\t\t\t\t\t<\/div>\n\t\t<\/div>\n\t\t\t\t\t<\/div>\n\t\t<\/section>\n\t\t\t\t<section data-particle_enable=\"false\" data-particle-mobile-disabled=\"false\" class=\"elementor-section elementor-top-section elementor-element elementor-element-3418a888 elementor-section-boxed elementor-section-height-default elementor-section-height-default exad-glass-effect-no exad-sticky-section-no\" data-id=\"3418a888\" data-element_type=\"section\">\n\t\t\t\t\t\t<div class=\"elementor-container elementor-column-gap-default\">\n\t\t\t\t\t<div class=\"elementor-column elementor-col-100 elementor-top-column elementor-element elementor-element-403aaca4 exad-glass-effect-no exad-sticky-section-no\" data-id=\"403aaca4\" data-element_type=\"column\">\n\t\t\t<div class=\"elementor-widget-wrap elementor-element-populated\">\n\t\t\t\t\t\t<div class=\"elementor-element elementor-element-37f6f43d exad-sticky-section-no exad-glass-effect-no elementor-widget elementor-widget-html\" data-id=\"37f6f43d\" data-element_type=\"widget\" data-widget_type=\"html.default\">\n\t\t\t\t<div class=\"elementor-widget-container\">\n\t\t\t\t\t<div id=\"accueil\">\n\t<div id=\"titretex\" class=\"centrediv\">\n\t   MARIE-CHRISTINE\n\t<\/div>\n<\/div>\t\t\t\t<\/div>\n\t\t\t\t<\/div>\n\t\t\t\t\t<\/div>\n\t\t<\/div>\n\t\t\t\t\t<\/div>\n\t\t<\/section>\n\t\t\t\t<section data-particle_enable=\"false\" data-particle-mobile-disabled=\"false\" class=\"elementor-section elementor-top-section elementor-element elementor-element-18cd86af elementor-section-boxed elementor-section-height-default elementor-section-height-default exad-glass-effect-no exad-sticky-section-no\" data-id=\"18cd86af\" data-element_type=\"section\">\n\t\t\t\t\t\t<div class=\"elementor-container elementor-column-gap-default\">\n\t\t\t\t\t<div class=\"elementor-column elementor-col-100 elementor-top-column elementor-element elementor-element-3f88a4e0 exad-glass-effect-no exad-sticky-section-no\" data-id=\"3f88a4e0\" data-element_type=\"column\">\n\t\t\t<div class=\"elementor-widget-wrap elementor-element-populated\">\n\t\t\t\t\t\t<div class=\"elementor-element elementor-element-7b6c814e exad-sticky-section-no exad-glass-effect-no elementor-widget elementor-widget-image\" data-id=\"7b6c814e\" data-element_type=\"widget\" data-widget_type=\"image.default\">\n\t\t\t\t<div class=\"elementor-widget-container\">\n\t\t\t\t\t\t\t\t\t\t\t\t\t\t\t<img decoding=\"async\" width=\"584\" height=\"438\" src=\"https:\/\/www.alliances-celestes.com\/wp-content\/uploads\/2022\/04\/Praticien-energetique.gif\" class=\"attachment-large size-large wp-image-2023\" alt=\"\" \/>\t\t\t\t\t\t\t\t\t\t\t\t\t\t\t<\/div>\n\t\t\t\t<\/div>\n\t\t\t\t\t<\/div>\n\t\t<\/div>\n\t\t\t\t\t<\/div>\n\t\t<\/section>\n\t\t\t\t<section data-particle_enable=\"false\" data-particle-mobile-disabled=\"false\" class=\"elementor-section elementor-top-section elementor-element elementor-element-6d77c305 elementor-section-boxed elementor-section-height-default elementor-section-height-default exad-glass-effect-no exad-sticky-section-no\" data-id=\"6d77c305\" data-element_type=\"section\">\n\t\t\t\t\t\t<div class=\"elementor-container elementor-column-gap-default\">\n\t\t\t\t\t<div class=\"elementor-column elementor-col-50 elementor-top-column elementor-element elementor-element-524aa669 exad-glass-effect-no exad-sticky-section-no\" data-id=\"524aa669\" data-element_type=\"column\">\n\t\t\t<div class=\"elementor-widget-wrap elementor-element-populated\">\n\t\t\t\t\t\t<div class=\"elementor-element elementor-element-3f61cfd5 elementor-icon-list--layout-traditional elementor-list-item-link-full_width exad-sticky-section-no exad-glass-effect-no elementor-invisible elementor-widget elementor-widget-icon-list\" data-id=\"3f61cfd5\" data-element_type=\"widget\" data-settings=\"{&quot;_animation&quot;:&quot;slideInLeft&quot;}\" data-widget_type=\"icon-list.default\">\n\t\t\t\t<div class=\"elementor-widget-container\">\n\t\t\t\t\t\t\t<ul class=\"elementor-icon-list-items\">\n\t\t\t\t\t\t\t<li class=\"elementor-icon-list-item\">\n\t\t\t\t\t\t\t\t\t\t\t<span class=\"elementor-icon-list-icon\">\n\t\t\t\t\t\t\t<i aria-hidden=\"true\" class=\"fas fa-hand-holding-heart\"><\/i>\t\t\t\t\t\t<\/span>\n\t\t\t\t\t\t\t\t\t\t<span class=\"elementor-icon-list-text\">Marie-Christine ROUSSEL<\/span>\n\t\t\t\t\t\t\t\t\t<\/li>\n\t\t\t\t\t\t\t\t<li class=\"elementor-icon-list-item\">\n\t\t\t\t\t\t\t\t\t\t\t<span class=\"elementor-icon-list-icon\">\n\t\t\t\t\t\t\t<i aria-hidden=\"true\" class=\"far fa-address-card\"><\/i>\t\t\t\t\t\t<\/span>\n\t\t\t\t\t\t\t\t\t\t<span class=\"elementor-icon-list-text\">09120 VARILHES<\/span>\n\t\t\t\t\t\t\t\t\t<\/li>\n\t\t\t\t\t\t\t\t<li class=\"elementor-icon-list-item\">\n\t\t\t\t\t\t\t\t\t\t\t<span class=\"elementor-icon-list-icon\">\n\t\t\t\t\t\t\t<i aria-hidden=\"true\" class=\"fas fa-at\"><\/i>\t\t\t\t\t\t<\/span>\n\t\t\t\t\t\t\t\t\t\t<span class=\"elementor-icon-list-text\">Socrate2511@gmail.com<\/span>\n\t\t\t\t\t\t\t\t\t<\/li>\n\t\t\t\t\t\t\t\t<li class=\"elementor-icon-list-item\">\n\t\t\t\t\t\t\t\t\t\t\t<span class=\"elementor-icon-list-icon\">\n\t\t\t\t\t\t\t<i aria-hidden=\"true\" class=\"fas fa-phone-alt\"><\/i>\t\t\t\t\t\t<\/span>\n\t\t\t\t\t\t\t\t\t\t<span class=\"elementor-icon-list-text\">06 89 97 26 13<\/span>\n\t\t\t\t\t\t\t\t\t<\/li>\n\t\t\t\t\t\t<\/ul>\n\t\t\t\t\t\t<\/div>\n\t\t\t\t<\/div>\n\t\t\t\t\t<\/div>\n\t\t<\/div>\n\t\t\t\t<div class=\"elementor-column elementor-col-50 elementor-top-column elementor-element elementor-element-11e6d715 exad-glass-effect-no exad-sticky-section-no\" data-id=\"11e6d715\" data-element_type=\"column\">\n\t\t\t<div class=\"elementor-widget-wrap elementor-element-populated\">\n\t\t\t\t\t\t<div class=\"elementor-element elementor-element-30ece256 exad-sticky-section-no exad-glass-effect-no elementor-invisible elementor-widget elementor-widget-image\" data-id=\"30ece256\" data-element_type=\"widget\" data-settings=\"{&quot;_animation&quot;:&quot;slideInRight&quot;}\" data-widget_type=\"image.default\">\n\t\t\t\t<div class=\"elementor-widget-container\">\n\t\t\t\t\t\t\t\t\t\t\t\t\t\t\t<img decoding=\"async\" width=\"240\" height=\"240\" src=\"https:\/\/www.alliances-celestes.com\/wp-content\/uploads\/2022\/03\/Marie-Christine-ROUSSEL-240x240.jpg\" class=\"attachment-adonis-testimonial size-adonis-testimonial wp-image-1996\" alt=\"\" srcset=\"https:\/\/www.alliances-celestes.com\/wp-content\/uploads\/2022\/03\/Marie-Christine-ROUSSEL-240x240.jpg 240w, https:\/\/www.alliances-celestes.com\/wp-content\/uploads\/2022\/03\/Marie-Christine-ROUSSEL-100x100.jpg 100w, https:\/\/www.alliances-celestes.com\/wp-content\/uploads\/2022\/03\/Marie-Christine-ROUSSEL-150x150.jpg 150w, https:\/\/www.alliances-celestes.com\/wp-content\/uploads\/2022\/03\/Marie-Christine-ROUSSEL.jpg 300w, https:\/\/www.alliances-celestes.com\/wp-content\/uploads\/2022\/03\/Marie-Christine-ROUSSEL-12x12.jpg 12w\" sizes=\"(max-width: 240px) 100vw, 240px\" \/>\t\t\t\t\t\t\t\t\t\t\t\t\t\t\t<\/div>\n\t\t\t\t<\/div>\n\t\t\t\t\t<\/div>\n\t\t<\/div>\n\t\t\t\t\t<\/div>\n\t\t<\/section>\n\t\t\t\t<section data-particle_enable=\"false\" data-particle-mobile-disabled=\"false\" class=\"elementor-section elementor-top-section elementor-element elementor-element-73475786 elementor-section-boxed elementor-section-height-default elementor-section-height-default exad-glass-effect-no exad-sticky-section-no\" data-id=\"73475786\" data-element_type=\"section\">\n\t\t\t\t\t\t<div class=\"elementor-container elementor-column-gap-default\">\n\t\t\t\t\t<div class=\"elementor-column elementor-col-100 elementor-top-column elementor-element elementor-element-2a1fc61 exad-glass-effect-no exad-sticky-section-no\" data-id=\"2a1fc61\" data-element_type=\"column\">\n\t\t\t<div class=\"elementor-widget-wrap elementor-element-populated\">\n\t\t\t\t\t\t<div class=\"elementor-element elementor-element-2ae8f320 exad-sticky-section-no exad-glass-effect-no elementor-widget elementor-widget-eael-feature-list\" data-id=\"2ae8f320\" data-element_type=\"widget\" data-widget_type=\"eael-feature-list.default\">\n\t\t\t\t<div class=\"elementor-widget-container\">\n\t\t\t\t\t\t\t<div class=\"-icon-position-left -tablet-icon-position-left -mobile-icon-position-left\">\n\t\t\t<ul id=\"eael-feature-list-2ae8f320\" class=\"eael-feature-list-items circle stacked  eael-feature-list-vertical\">\n\t\t\t                <li class=\"eael-feature-list-item elementor-repeater-item-fa601dc\">\n                    \n\t\t\t\t\t\t<div class=\"eael-feature-list-icon-box\">\n\t\t\t\t\t\t\t<div class=\"eael-feature-list-icon-inner\">\n\n\t\t\t\t\t\t\t\t<span class=\"eael-feature-list-icon fl-icon-0\">\n\n\t\t<i aria-hidden=\"true\" class=\"fab fa-galactic-republic\"><\/i>\t\t\t\t\t\t\t\t<\/span>\n\t\t\t\t\t\t\t<\/div>\n\t\t\t\t\t\t<\/div>\n\t\t\t\t\t\t<div class=\"eael-feature-list-content-box\">\n                            <h2 class=\"eael-feature-list-title\">ACTIVIDAD<\/h2>\t\t\t\t\t\t<p class=\"eael-feature-list-content\">ACTIVIDAD :<br \/><br \/>\nEntrenador de vida<\/p>\n\t\t\t\t\t\t<\/div>\n\n\t\t\t\t\t<\/li>\n\t\t\t\t                <li class=\"eael-feature-list-item elementor-repeater-item-4348b64\">\n                    \n\t\t\t\t\t\t<div class=\"eael-feature-list-icon-box\">\n\t\t\t\t\t\t\t<div class=\"eael-feature-list-icon-inner\">\n\n\t\t\t\t\t\t\t\t<span class=\"eael-feature-list-icon fl-icon-1\">\n\n\t\t<i aria-hidden=\"true\" class=\"fas fa-location-arrow\"><\/i>\t\t\t\t\t\t\t\t<\/span>\n\t\t\t\t\t\t\t<\/div>\n\t\t\t\t\t\t<\/div>\n\t\t\t\t\t\t<div class=\"eael-feature-list-content-box\">\n                            <h2 class=\"eael-feature-list-title\">OBJETIVO<\/h2>\t\t\t\t\t\t<p class=\"eael-feature-list-content\">OBJETIVO : <br \/><br \/>\nAcompa\u00f1amiento hacia NUESTRA PROPIA VERDAD INTERIOR.\n<br \/><br \/>\nEvoluci\u00f3n, conocimiento de las leyes universales, autonom\u00eda.\n<br \/><br \/>\nOfrecer herramientas que te ayuden a evolucionar.\nSER tu propio Maestro interior, gestionando mejor tu VIDA.\nDesarrollar tu capacidad para encontrar tu propia AUTONOM\u00cdA.<\/p>\n\t\t\t\t\t\t<\/div>\n\n\t\t\t\t\t<\/li>\n\t\t\t\t                <li class=\"eael-feature-list-item elementor-repeater-item-695b7da\">\n                    \n\t\t\t\t\t\t<div class=\"eael-feature-list-icon-box\">\n\t\t\t\t\t\t\t<div class=\"eael-feature-list-icon-inner\">\n\n\t\t\t\t\t\t\t\t<span class=\"eael-feature-list-icon fl-icon-2\">\n\n\t\t<i aria-hidden=\"true\" class=\"fas fa-toolbox\"><\/i>\t\t\t\t\t\t\t\t<\/span>\n\t\t\t\t\t\t\t<\/div>\n\t\t\t\t\t\t<\/div>\n\t\t\t\t\t\t<div class=\"eael-feature-list-content-box\">\n                            <h2 class=\"eael-feature-list-title\">T\u00c9CNICAS<\/h2>\t\t\t\t\t\t<p class=\"eael-feature-list-content\">T\u00c9CNICAS, M\u00c9TODOS E INSTRUMENTOS PROPUESTOS:<br \/><br \/>\n~ Herramientas para entender la Vida.\n<br \/><br \/>\n~ Desarrollos en CONCIENCIA DIVINA.\n<br \/><br \/>\n~ Fusionando el AMOR INTELIGENCIA de la VIDA.\n<br \/><br \/>\n~ SALUD a trav\u00e9s del conocimiento de la ciencia del Yoga, la meditaci\u00f3n, la crusina, la lacto-fermentaci\u00f3n y diversas CREATIVIDADES .\n<br \/><br \/>\nDespu\u00e9s de 18 a\u00f1os trabajando con un maestro espiritual, tienes la oportunidad de darte a ti mismo las herramientas que necesitas para evolucionar.\n<\/p>\n\t\t\t\t\t\t<\/div>\n\n\t\t\t\t\t<\/li>\n\t\t\t\t\t\t\t<\/ul>\n\t\t<\/div>\n\t\t\t\t\t\t<\/div>\n\t\t\t\t<\/div>\n\t\t\t\t\t<\/div>\n\t\t<\/div>\n\t\t\t\t\t<\/div>\n\t\t<\/section>\n\t\t\t\t<section data-particle_enable=\"false\" data-particle-mobile-disabled=\"false\" class=\"elementor-section elementor-top-section elementor-element elementor-element-599fb946 elementor-section-boxed elementor-section-height-default elementor-section-height-default exad-glass-effect-no exad-sticky-section-no\" data-id=\"599fb946\" data-element_type=\"section\">\n\t\t\t\t\t\t<div class=\"elementor-container elementor-column-gap-default\">\n\t\t\t\t\t<div class=\"elementor-column elementor-col-100 elementor-top-column elementor-element elementor-element-2207cf2d exad-glass-effect-no exad-sticky-section-no\" data-id=\"2207cf2d\" data-element_type=\"column\">\n\t\t\t<div class=\"elementor-widget-wrap elementor-element-populated\">\n\t\t\t\t\t\t<div class=\"elementor-element elementor-element-6b9dee3e exad-sticky-section-no exad-glass-effect-no elementor-invisible elementor-widget elementor-widget-image\" data-id=\"6b9dee3e\" data-element_type=\"widget\" data-settings=\"{&quot;_animation&quot;:&quot;rotateIn&quot;}\" data-widget_type=\"image.default\">\n\t\t\t\t<div class=\"elementor-widget-container\">\n\t\t\t\t\t\t\t\t\t\t\t\t\t\t\t<img loading=\"lazy\" decoding=\"async\" width=\"360\" height=\"441\" src=\"https:\/\/www.alliances-celestes.com\/wp-content\/uploads\/2022\/04\/Mains-energetiques.gif\" class=\"attachment-large size-large wp-image-2024\" alt=\"\" \/>\t\t\t\t\t\t\t\t\t\t\t\t\t\t\t<\/div>\n\t\t\t\t<\/div>\n\t\t\t\t\t<\/div>\n\t\t<\/div>\n\t\t\t\t\t<\/div>\n\t\t<\/section>\n\t\t\t\t<section data-particle_enable=\"false\" data-particle-mobile-disabled=\"false\" class=\"elementor-section elementor-top-section elementor-element elementor-element-68339dd9 elementor-section-boxed elementor-section-height-default elementor-section-height-default exad-glass-effect-no exad-sticky-section-no elementor-invisible\" data-id=\"68339dd9\" data-element_type=\"section\" data-settings=\"{&quot;animation&quot;:&quot;jello&quot;}\">\n\t\t\t\t\t\t<div class=\"elementor-container elementor-column-gap-default\">\n\t\t\t\t\t<div class=\"elementor-column elementor-col-100 elementor-top-column elementor-element elementor-element-776e789b exad-glass-effect-no exad-sticky-section-no\" data-id=\"776e789b\" data-element_type=\"column\">\n\t\t\t<div class=\"elementor-widget-wrap elementor-element-populated\">\n\t\t\t\t\t\t<div class=\"elementor-element elementor-element-70595c9d elementor-shape-rounded elementor-grid-0 e-grid-align-center exad-sticky-section-no exad-glass-effect-no elementor-invisible elementor-widget elementor-widget-social-icons\" data-id=\"70595c9d\" data-element_type=\"widget\" data-settings=\"{&quot;_animation&quot;:&quot;jello&quot;}\" data-widget_type=\"social-icons.default\">\n\t\t\t\t<div class=\"elementor-widget-container\">\n\t\t\t\t\t\t\t<div class=\"elementor-social-icons-wrapper elementor-grid\" role=\"list\">\n\t\t\t\t\t\t\t<span class=\"elementor-grid-item\" role=\"listitem\">\n\t\t\t\t\t<a class=\"elementor-icon elementor-social-icon elementor-social-icon-vk elementor-repeater-item-e04460e\" href=\"https:\/\/vk.com\/alliancescelestesfrance?t2fs=cc6d483210c9e3de94_2\" target=\"_blank\">\n\t\t\t\t\t\t<span class=\"elementor-screen-only\">Vk<\/span>\n\t\t\t\t\t\t<i class=\"fab fa-vk\"><\/i>\t\t\t\t\t<\/a>\n\t\t\t\t<\/span>\n\t\t\t\t\t\t\t<span class=\"elementor-grid-item\" role=\"listitem\">\n\t\t\t\t\t<a class=\"elementor-icon elementor-social-icon elementor-social-icon-youtube elementor-repeater-item-1317724\" href=\"https:\/\/www.youtube.com\/channel\/UCNyhu9pHPOlLZO_WeNn26Tw\" target=\"_blank\">\n\t\t\t\t\t\t<span class=\"elementor-screen-only\">Youtube<\/span>\n\t\t\t\t\t\t<i class=\"fab fa-youtube\"><\/i>\t\t\t\t\t<\/a>\n\t\t\t\t<\/span>\n\t\t\t\t\t<\/div>\n\t\t\t\t\t\t<\/div>\n\t\t\t\t<\/div>\n\t\t\t\t\t<\/div>\n\t\t<\/div>\n\t\t\t\t\t<\/div>\n\t\t<\/section>\n\t\t\t\t<\/div>","protected":false},"excerpt":{"rendered":"<p>Vk Youtube A.C.F. MARIE-CHRISTINE Marie-Christine ROUSSEL 09120 VARILHES Socrate2511@gmail.com 06 89 97 26 13 ACTIVIDAD ACTIVIDAD: Life Coach OBJETIVO: Acompa\u00f1amiento hacia NUESTRA PROPIA VERDAD INTERIOR. Evoluci\u00f3n,<a href=\"https:\/\/www.alliances-celestes.com\/es\/assistance-coaching\/les-praticiens\/marie-christine-roussel\/\" class=\"more-link\"><span class=\"more-button\">Seguir leyendo<span class=\"screen-reader-text\">Marie-Christine Roussel<\/span><\/span><\/a><\/p>","protected":false},"author":2,"featured_media":0,"parent":2162,"menu_order":0,"comment_status":"closed","ping_status":"closed","template":"elementor_header_footer","meta":{"footnotes":""},"class_list":["post-2128","page","type-page","status-publish","hentry"],"_links":{"self":[{"href":"https:\/\/www.alliances-celestes.com\/es\/wp-json\/wp\/v2\/pages\/2128","targetHints":{"allow":["GET"]}}],"collection":[{"href":"https:\/\/www.alliances-celestes.com\/es\/wp-json\/wp\/v2\/pages"}],"about":[{"href":"https:\/\/www.alliances-celestes.com\/es\/wp-json\/wp\/v2\/types\/page"}],"author":[{"embeddable":true,"href":"https:\/\/www.alliances-celestes.com\/es\/wp-json\/wp\/v2\/users\/2"}],"replies":[{"embeddable":true,"href":"https:\/\/www.alliances-celestes.com\/es\/wp-json\/wp\/v2\/comments?post=2128"}],"version-history":[{"count":0,"href":"https:\/\/www.alliances-celestes.com\/es\/wp-json\/wp\/v2\/pages\/2128\/revisions"}],"up":[{"embeddable":true,"href":"https:\/\/www.alliances-celestes.com\/es\/wp-json\/wp\/v2\/pages\/2162"}],"wp:attachment":[{"href":"https:\/\/www.alliances-celestes.com\/es\/wp-json\/wp\/v2\/media?parent=2128"}],"curies":[{"name":"wp","href":"https:\/\/api.w.org\/{rel}","templated":true}]}}