{"id":7032,"date":"2023-02-24T22:28:06","date_gmt":"2023-02-24T21:28:06","guid":{"rendered":"https:\/\/www.alliances-celestes.com\/?page_id=7032"},"modified":"2023-03-21T11:20:17","modified_gmt":"2023-03-21T10:20:17","slug":"etudes-scientifiques","status":"publish","type":"page","link":"https:\/\/www.alliances-celestes.com\/en\/les-operations-nationales\/etudes-scientifiques\/","title":{"rendered":"Scientific Studies"},"content":{"rendered":"<div data-elementor-type=\"wp-page\" data-elementor-id=\"7032\" class=\"elementor elementor-7032\" data-elementor-settings=\"{&quot;ha_cmc_init_switcher&quot;:&quot;no&quot;}\" data-elementor-post-type=\"page\">\n\t\t\t\t\t\t<section data-particle_enable=\"false\" data-particle-mobile-disabled=\"false\" class=\"elementor-section elementor-top-section elementor-element elementor-element-4ede463e elementor-section-boxed elementor-section-height-default elementor-section-height-default exad-glass-effect-no exad-sticky-section-no\" data-id=\"4ede463e\" data-element_type=\"section\">\n\t\t\t\t\t\t<div class=\"elementor-container elementor-column-gap-default\">\n\t\t\t\t\t<div class=\"elementor-column elementor-col-100 elementor-top-column elementor-element elementor-element-b292cff exad-glass-effect-no exad-sticky-section-no\" data-id=\"b292cff\" data-element_type=\"column\">\n\t\t\t<div class=\"elementor-widget-wrap elementor-element-populated\">\n\t\t\t\t\t\t<div class=\"elementor-element elementor-element-31556b50 e-grid-align-right elementor-shape-rounded elementor-grid-0 exad-sticky-section-no exad-glass-effect-no elementor-invisible elementor-widget elementor-widget-social-icons\" data-id=\"31556b50\" data-element_type=\"widget\" data-settings=\"{&quot;_animation&quot;:&quot;jello&quot;}\" data-widget_type=\"social-icons.default\">\n\t\t\t\t<div class=\"elementor-widget-container\">\n\t\t\t\t\t\t\t<div class=\"elementor-social-icons-wrapper elementor-grid\" role=\"list\">\n\t\t\t\t\t\t\t<span class=\"elementor-grid-item\" role=\"listitem\">\n\t\t\t\t\t<a class=\"elementor-icon elementor-social-icon elementor-social-icon-vk elementor-repeater-item-072f30f\" href=\"https:\/\/vk.com\/alliancescelestesfrance?t2fs=cc6d483210c9e3de94_2\" target=\"_blank\">\n\t\t\t\t\t\t<span class=\"elementor-screen-only\">Vk<\/span>\n\t\t\t\t\t\t<i class=\"fab fa-vk\"><\/i>\t\t\t\t\t<\/a>\n\t\t\t\t<\/span>\n\t\t\t\t\t\t\t<span class=\"elementor-grid-item\" role=\"listitem\">\n\t\t\t\t\t<a class=\"elementor-icon elementor-social-icon elementor-social-icon-youtube elementor-repeater-item-633b8e3\" href=\"https:\/\/www.youtube.com\/channel\/UCNyhu9pHPOlLZO_WeNn26Tw\" target=\"_blank\">\n\t\t\t\t\t\t<span class=\"elementor-screen-only\">Youtube<\/span>\n\t\t\t\t\t\t<i class=\"fab fa-youtube\"><\/i>\t\t\t\t\t<\/a>\n\t\t\t\t<\/span>\n\t\t\t\t\t<\/div>\n\t\t\t\t\t\t<\/div>\n\t\t\t\t<\/div>\n\t\t\t\t\t<\/div>\n\t\t<\/div>\n\t\t\t\t\t<\/div>\n\t\t<\/section>\n\t\t\t\t<section data-particle_enable=\"false\" data-particle-mobile-disabled=\"false\" class=\"elementor-section elementor-top-section elementor-element elementor-element-d4cd33c elementor-section-boxed elementor-section-height-default elementor-section-height-default exad-glass-effect-no exad-sticky-section-no\" data-id=\"d4cd33c\" data-element_type=\"section\">\n\t\t\t\t\t\t<div class=\"elementor-container elementor-column-gap-default\">\n\t\t\t\t\t<div class=\"elementor-column elementor-col-50 elementor-top-column elementor-element elementor-element-2234aaa1 exad-glass-effect-no exad-sticky-section-no\" data-id=\"2234aaa1\" data-element_type=\"column\">\n\t\t\t<div class=\"elementor-widget-wrap elementor-element-populated\">\n\t\t\t\t\t\t<div class=\"elementor-element elementor-element-7768eeb3 exad-sticky-section-no exad-glass-effect-no elementor-widget elementor-widget-html\" data-id=\"7768eeb3\" data-element_type=\"widget\" data-widget_type=\"html.default\">\n\t\t\t\t<div class=\"elementor-widget-container\">\n\t\t\t\t\t<p align=\"left\">\r\n\t<img fetchpriority=\"high\" decoding=\"async\" border=\"0\" src=\"https:\/\/www.alliances-celestes.com\/wp-content\/uploads\/2022\/logos\/logo_untour.gif\" width=\"300\" height=\"300\">\r\n<\/p>\r\n\t\t\t\t<\/div>\n\t\t\t\t<\/div>\n\t\t\t\t\t<\/div>\n\t\t<\/div>\n\t\t\t\t<div class=\"elementor-column elementor-col-50 elementor-top-column elementor-element elementor-element-78276308 exad-glass-effect-no exad-sticky-section-no\" data-id=\"78276308\" data-element_type=\"column\">\n\t\t\t<div class=\"elementor-widget-wrap elementor-element-populated\">\n\t\t\t\t\t\t<div class=\"elementor-element elementor-element-6a555c6f exad-sticky-section-no exad-glass-effect-no elementor-invisible elementor-widget elementor-widget-heading\" data-id=\"6a555c6f\" data-element_type=\"widget\" data-settings=\"{&quot;_animation&quot;:&quot;rotateInUpRight&quot;}\" data-widget_type=\"heading.default\">\n\t\t\t\t<div class=\"elementor-widget-container\">\n\t\t\t\t\t<h6 class=\"elementor-heading-title elementor-size-large\">A.C.F.<\/h6>\t\t\t\t<\/div>\n\t\t\t\t<\/div>\n\t\t\t\t\t<\/div>\n\t\t<\/div>\n\t\t\t\t\t<\/div>\n\t\t<\/section>\n\t\t\t\t<section data-particle_enable=\"false\" data-particle-mobile-disabled=\"false\" class=\"elementor-section elementor-top-section elementor-element elementor-element-8268c77 elementor-section-boxed elementor-section-height-default elementor-section-height-default exad-glass-effect-no exad-sticky-section-no\" data-id=\"8268c77\" data-element_type=\"section\">\n\t\t\t\t\t\t<div class=\"elementor-container elementor-column-gap-default\">\n\t\t\t\t\t<div class=\"elementor-column elementor-col-100 elementor-top-column elementor-element elementor-element-6d72327a exad-glass-effect-no exad-sticky-section-no\" data-id=\"6d72327a\" data-element_type=\"column\">\n\t\t\t<div class=\"elementor-widget-wrap elementor-element-populated\">\n\t\t\t\t\t\t<div class=\"elementor-element elementor-element-1b2d705b exad-sticky-section-no exad-glass-effect-no elementor-widget elementor-widget-html\" data-id=\"1b2d705b\" data-element_type=\"widget\" data-widget_type=\"html.default\">\n\t\t\t\t<div class=\"elementor-widget-container\">\n\t\t\t\t\t<div id=\"accueil\">\n\t<div id=\"titretex\" class=\"centrediv\">\n\t    Scientific Studies\n\t<\/div>\n<\/div>\t\t\t\t<\/div>\n\t\t\t\t<\/div>\n\t\t\t\t\t<\/div>\n\t\t<\/div>\n\t\t\t\t\t<\/div>\n\t\t<\/section>\n\t\t\t\t<section data-particle_enable=\"false\" data-particle-mobile-disabled=\"false\" class=\"elementor-section elementor-top-section elementor-element elementor-element-74d406f elementor-section-boxed elementor-section-height-default elementor-section-height-default exad-glass-effect-no exad-sticky-section-no\" data-id=\"74d406f\" data-element_type=\"section\">\n\t\t\t\t\t\t<div class=\"elementor-container elementor-column-gap-default\">\n\t\t\t\t\t<div class=\"elementor-column elementor-col-100 elementor-top-column elementor-element elementor-element-4c7248a exad-glass-effect-no exad-sticky-section-no\" data-id=\"4c7248a\" data-element_type=\"column\">\n\t\t\t<div class=\"elementor-widget-wrap elementor-element-populated\">\n\t\t\t\t\t\t<div class=\"elementor-element elementor-element-800df97 exad-sticky-section-no exad-glass-effect-no elementor-widget elementor-widget-heading\" data-id=\"800df97\" data-element_type=\"widget\" data-widget_type=\"heading.default\">\n\t\t\t\t<div class=\"elementor-widget-container\">\n\t\t\t\t\t<h2 class=\"elementor-heading-title elementor-size-default\">QUANTUM AND SCIENTIFIC DISCOVERIES<\/h2>\t\t\t\t<\/div>\n\t\t\t\t<\/div>\n\t\t\t\t\t<\/div>\n\t\t<\/div>\n\t\t\t\t\t<\/div>\n\t\t<\/section>\n\t\t\t\t<section data-particle_enable=\"false\" data-particle-mobile-disabled=\"false\" class=\"elementor-section elementor-top-section elementor-element elementor-element-6f507e0 elementor-section-boxed elementor-section-height-default elementor-section-height-default exad-glass-effect-no exad-sticky-section-no elementor-invisible\" data-id=\"6f507e0\" data-element_type=\"section\" data-settings=\"{&quot;animation&quot;:&quot;slideInUp&quot;}\">\n\t\t\t\t\t\t<div class=\"elementor-container elementor-column-gap-default\">\n\t\t\t\t\t<div class=\"elementor-column elementor-col-100 elementor-top-column elementor-element elementor-element-9669e0e exad-glass-effect-no exad-sticky-section-no\" data-id=\"9669e0e\" data-element_type=\"column\">\n\t\t\t<div class=\"elementor-widget-wrap elementor-element-populated\">\n\t\t\t\t\t\t<div class=\"elementor-element elementor-element-ab43e86 exad-sticky-section-no exad-glass-effect-no elementor-widget elementor-widget-text-editor\" data-id=\"ab43e86\" data-element_type=\"widget\" data-widget_type=\"text-editor.default\">\n\t\t\t\t<div class=\"elementor-widget-container\">\n\t\t\t\t\t\t\t\t\t<p><b style=\"font-family: var( --e-global-typography-text-font-family ), roboto; background-color: transparent;\">Astonishing new discoveries found by scientists of all nationalities bring factual elements to the information received by the inner dimensions of some quantum operators.<\/b><\/p>\n<p>Since the beginning of 2022, Celestial Alliances has been offering national front-line operations. Aided by the intral, which transmits instructions to help Humanity, Anne and Annick use this information to help every human being who so desires to take back their sovereignty and prepare for the changes underway.<\/p>\n<p>Each page deals with a specific topic, with the aim of providing information and cross-referencing information received from higher densities to validate the processes in place.<\/p>\n<p>Let's get informed and be the change we want.<\/p>\n<p>Knowledge frees us and makes us less manipulable.<\/p>\t\t\t\t\t\t\t\t<\/div>\n\t\t\t\t<\/div>\n\t\t\t\t\t<\/div>\n\t\t<\/div>\n\t\t\t\t\t<\/div>\n\t\t<\/section>\n\t\t\t\t<section data-particle_enable=\"false\" data-particle-mobile-disabled=\"false\" class=\"elementor-section elementor-top-section elementor-element elementor-element-22bc4c5 elementor-section-boxed elementor-section-height-default elementor-section-height-default exad-glass-effect-no exad-sticky-section-no\" data-id=\"22bc4c5\" data-element_type=\"section\">\n\t\t\t\t\t\t<div class=\"elementor-container elementor-column-gap-default\">\n\t\t\t\t\t<div class=\"elementor-column elementor-col-100 elementor-top-column elementor-element elementor-element-cbc6f85 exad-glass-effect-no exad-sticky-section-no\" data-id=\"cbc6f85\" data-element_type=\"column\">\n\t\t\t<div class=\"elementor-widget-wrap elementor-element-populated\">\n\t\t\t\t\t\t<div class=\"elementor-element elementor-element-324faef exad-sticky-section-no exad-glass-effect-no elementor-widget elementor-widget-image\" data-id=\"324faef\" data-element_type=\"widget\" data-widget_type=\"image.default\">\n\t\t\t\t<div class=\"elementor-widget-container\">\n\t\t\t\t\t\t\t\t\t\t\t\t\t\t\t<img decoding=\"async\" width=\"768\" height=\"512\" src=\"https:\/\/www.alliances-celestes.com\/wp-content\/uploads\/2023\/02\/scientific-study-2022-02-01-22-37-06-utc-scaled-768x512.jpg\" class=\"attachment-medium_large size-medium_large wp-image-7038\" alt=\"\" srcset=\"https:\/\/www.alliances-celestes.com\/wp-content\/uploads\/2023\/02\/scientific-study-2022-02-01-22-37-06-utc-scaled-768x512.jpg 768w, https:\/\/www.alliances-celestes.com\/wp-content\/uploads\/2023\/02\/scientific-study-2022-02-01-22-37-06-utc-scaled-600x400.jpg 600w, https:\/\/www.alliances-celestes.com\/wp-content\/uploads\/2023\/02\/scientific-study-2022-02-01-22-37-06-utc-scaled-300x200.jpg 300w, https:\/\/www.alliances-celestes.com\/wp-content\/uploads\/2023\/02\/scientific-study-2022-02-01-22-37-06-utc-scaled-1024x683.jpg 1024w, https:\/\/www.alliances-celestes.com\/wp-content\/uploads\/2023\/02\/scientific-study-2022-02-01-22-37-06-utc-scaled-391x260.jpg 391w, https:\/\/www.alliances-celestes.com\/wp-content\/uploads\/2023\/02\/scientific-study-2022-02-01-22-37-06-utc-scaled-1536x1024.jpg 1536w, https:\/\/www.alliances-celestes.com\/wp-content\/uploads\/2023\/02\/scientific-study-2022-02-01-22-37-06-utc-scaled-2048x1366.jpg 2048w, https:\/\/www.alliances-celestes.com\/wp-content\/uploads\/2023\/02\/scientific-study-2022-02-01-22-37-06-utc-scaled-18x12.jpg 18w, https:\/\/www.alliances-celestes.com\/wp-content\/uploads\/2023\/02\/scientific-study-2022-02-01-22-37-06-utc-scaled-640x427.jpg 640w, https:\/\/www.alliances-celestes.com\/wp-content\/uploads\/2023\/02\/scientific-study-2022-02-01-22-37-06-utc-scaled-100x67.jpg 100w\" sizes=\"(max-width: 768px) 100vw, 768px\" \/>\t\t\t\t\t\t\t\t\t\t\t\t\t\t\t<\/div>\n\t\t\t\t<\/div>\n\t\t\t\t\t<\/div>\n\t\t<\/div>\n\t\t\t\t\t<\/div>\n\t\t<\/section>\n\t\t\t\t<section data-particle_enable=\"false\" data-particle-mobile-disabled=\"false\" class=\"elementor-section elementor-top-section elementor-element elementor-element-44d7626 elementor-section-boxed elementor-section-height-default elementor-section-height-default exad-glass-effect-no exad-sticky-section-no\" data-id=\"44d7626\" data-element_type=\"section\">\n\t\t\t\t\t\t<div class=\"elementor-container elementor-column-gap-default\">\n\t\t\t\t\t<div class=\"elementor-column elementor-col-100 elementor-top-column elementor-element elementor-element-67acb55 exad-glass-effect-no exad-sticky-section-no\" data-id=\"67acb55\" data-element_type=\"column\">\n\t\t\t<div class=\"elementor-widget-wrap elementor-element-populated\">\n\t\t\t\t\t\t<div class=\"elementor-element elementor-element-d786953 exad-sticky-section-no exad-glass-effect-no elementor-widget elementor-widget-eael-fancy-text\" data-id=\"d786953\" data-element_type=\"widget\" data-widget_type=\"eael-fancy-text.default\">\n\t\t\t\t<div class=\"elementor-widget-container\">\n\t\t\t\t\t\n\t<div  class=\"eael-fancy-text-container style-1\" data-fancy-text-id=\"d786953\" data-fancy-text=\"|Des d\u00e9couverte incroyables !\" data-fancy-text-transition-type=\"typing\" data-fancy-text-speed=\"50\" data-fancy-text-delay=\"2500\" data-fancy-text-cursor=\"yes\" data-fancy-text-loop=\"yes\" data-fancy-text-action=\"page_load\" >\n\t\t\n\t\t\n\t\t\t\t\t<span id=\"eael-fancy-text-d786953\" class=\"eael-fancy-text-strings solid-color\">\n\t\t\t\t<noscript>\n\t\t\t\t\tIncredible discoveries!\t\t\t\t<\/noscript>\n\t\t\t<\/span>\n\t\t\n\t\t\t<\/div><!-- close .eael-fancy-text-container -->\n\n\t<div class=\"clearfix\"><\/div>\n\n\t\t\t\t\t<\/div>\n\t\t\t\t<\/div>\n\t\t\t\t\t<\/div>\n\t\t<\/div>\n\t\t\t\t\t<\/div>\n\t\t<\/section>\n\t\t\t\t<section data-particle_enable=\"false\" data-particle-mobile-disabled=\"false\" class=\"elementor-section elementor-top-section elementor-element elementor-element-3fb6b98 elementor-section-boxed elementor-section-height-default elementor-section-height-default exad-glass-effect-no exad-sticky-section-no\" data-id=\"3fb6b98\" data-element_type=\"section\">\n\t\t\t\t\t\t<div class=\"elementor-container elementor-column-gap-default\">\n\t\t\t\t\t<div class=\"elementor-column elementor-col-100 elementor-top-column elementor-element elementor-element-f59e0df exad-glass-effect-no exad-sticky-section-no\" data-id=\"f59e0df\" data-element_type=\"column\">\n\t\t\t<div class=\"elementor-widget-wrap elementor-element-populated\">\n\t\t\t\t\t\t<div class=\"elementor-element elementor-element-3d986a9 exad-sticky-section-no exad-glass-effect-no elementor-invisible elementor-widget elementor-widget-heading\" data-id=\"3d986a9\" data-element_type=\"widget\" data-settings=\"{&quot;_animation&quot;:&quot;slideInLeft&quot;}\" data-widget_type=\"heading.default\">\n\t\t\t\t<div class=\"elementor-widget-container\">\n\t\t\t\t\t<h2 class=\"elementor-heading-title elementor-size-default\">\ud83e\uddec Visit our SCIENTIFIC STUDIES pages<\/h2>\t\t\t\t<\/div>\n\t\t\t\t<\/div>\n\t\t\t\t\t<\/div>\n\t\t<\/div>\n\t\t\t\t\t<\/div>\n\t\t<\/section>\n\t\t\t\t<section data-particle_enable=\"false\" data-particle-mobile-disabled=\"false\" class=\"elementor-section elementor-top-section elementor-element elementor-element-f5b2b9a elementor-section-boxed elementor-section-height-default elementor-section-height-default exad-glass-effect-no exad-sticky-section-no\" data-id=\"f5b2b9a\" data-element_type=\"section\">\n\t\t\t\t\t\t<div class=\"elementor-container elementor-column-gap-default\">\n\t\t\t\t\t<div class=\"elementor-column elementor-col-100 elementor-top-column elementor-element elementor-element-1c143c1 exad-glass-effect-no exad-sticky-section-no\" data-id=\"1c143c1\" data-element_type=\"column\">\n\t\t\t<div class=\"elementor-widget-wrap elementor-element-populated\">\n\t\t\t\t\t\t<div class=\"elementor-element elementor-element-3585853 exad-sticky-section-no exad-glass-effect-no elementor-widget elementor-widget-text-editor\" data-id=\"3585853\" data-element_type=\"widget\" data-widget_type=\"text-editor.default\">\n\t\t\t\t<div class=\"elementor-widget-container\">\n\t\t\t\t\t\t\t\t\t<p>Visit our SCIENTIFIC STUDIES pages to discover what major players in the new world have discovered and are able to explain scientifically.<\/p>\t\t\t\t\t\t\t\t<\/div>\n\t\t\t\t<\/div>\n\t\t\t\t\t<\/div>\n\t\t<\/div>\n\t\t\t\t\t<\/div>\n\t\t<\/section>\n\t\t\t\t<section data-particle_enable=\"false\" data-particle-mobile-disabled=\"false\" class=\"elementor-section elementor-top-section elementor-element elementor-element-ce55b1a elementor-section-boxed elementor-section-height-default elementor-section-height-default exad-glass-effect-no exad-sticky-section-no\" data-id=\"ce55b1a\" data-element_type=\"section\">\n\t\t\t\t\t\t<div class=\"elementor-container elementor-column-gap-default\">\n\t\t\t\t\t<div class=\"elementor-column elementor-col-100 elementor-top-column elementor-element elementor-element-7c512f3 exad-glass-effect-no exad-sticky-section-no\" data-id=\"7c512f3\" data-element_type=\"column\">\n\t\t\t<div class=\"elementor-widget-wrap elementor-element-populated\">\n\t\t\t\t\t\t<div class=\"elementor-element elementor-element-706cee6 exad-sticky-section-no exad-glass-effect-no elementor-widget elementor-widget-image\" data-id=\"706cee6\" data-element_type=\"widget\" data-widget_type=\"image.default\">\n\t\t\t\t<div class=\"elementor-widget-container\">\n\t\t\t\t\t\t\t\t\t\t\t\t\t\t\t<img decoding=\"async\" width=\"150\" height=\"150\" src=\"https:\/\/www.alliances-celestes.com\/wp-content\/uploads\/2023\/02\/Microscope-scaled-150x150.jpg\" class=\"attachment-thumbnail size-thumbnail wp-image-7042\" alt=\"\" srcset=\"https:\/\/www.alliances-celestes.com\/wp-content\/uploads\/2023\/02\/Microscope-scaled-150x150.jpg 150w, https:\/\/www.alliances-celestes.com\/wp-content\/uploads\/2023\/02\/Microscope-scaled-300x300.jpg 300w, https:\/\/www.alliances-celestes.com\/wp-content\/uploads\/2023\/02\/Microscope-scaled-100x100.jpg 100w, https:\/\/www.alliances-celestes.com\/wp-content\/uploads\/2023\/02\/Microscope-scaled-600x600.jpg 600w, https:\/\/www.alliances-celestes.com\/wp-content\/uploads\/2023\/02\/Microscope-scaled-768x768.jpg 768w, https:\/\/www.alliances-celestes.com\/wp-content\/uploads\/2023\/02\/Microscope-scaled-1024x1024.jpg 1024w, https:\/\/www.alliances-celestes.com\/wp-content\/uploads\/2023\/02\/Microscope-scaled-500x500.jpg 500w, https:\/\/www.alliances-celestes.com\/wp-content\/uploads\/2023\/02\/Microscope-scaled-1536x1536.jpg 1536w, https:\/\/www.alliances-celestes.com\/wp-content\/uploads\/2023\/02\/Microscope-scaled-2048x2048.jpg 2048w, https:\/\/www.alliances-celestes.com\/wp-content\/uploads\/2023\/02\/Microscope-scaled-12x12.jpg 12w, https:\/\/www.alliances-celestes.com\/wp-content\/uploads\/2023\/02\/Microscope-scaled-480x480.jpg 480w, https:\/\/www.alliances-celestes.com\/wp-content\/uploads\/2023\/02\/Microscope-scaled-592x592.jpg 592w, https:\/\/www.alliances-celestes.com\/wp-content\/uploads\/2023\/02\/Microscope-scaled-240x240.jpg 240w\" sizes=\"(max-width: 150px) 100vw, 150px\" \/>\t\t\t\t\t\t\t\t\t\t\t\t\t\t\t<\/div>\n\t\t\t\t<\/div>\n\t\t\t\t\t<\/div>\n\t\t<\/div>\n\t\t\t\t\t<\/div>\n\t\t<\/section>\n\t\t\t\t<section data-particle_enable=\"false\" data-particle-mobile-disabled=\"false\" class=\"elementor-section elementor-top-section elementor-element elementor-element-11220f3 elementor-section-boxed elementor-section-height-default elementor-section-height-default exad-glass-effect-no exad-sticky-section-no\" data-id=\"11220f3\" data-element_type=\"section\">\n\t\t\t\t\t\t<div class=\"elementor-container elementor-column-gap-default\">\n\t\t\t\t\t<div class=\"elementor-column elementor-col-100 elementor-top-column elementor-element elementor-element-ee9084f exad-glass-effect-no exad-sticky-section-no\" data-id=\"ee9084f\" data-element_type=\"column\">\n\t\t\t<div class=\"elementor-widget-wrap elementor-element-populated\">\n\t\t\t\t\t\t<div class=\"elementor-element elementor-element-c7c619d exad-sticky-section-no exad-glass-effect-no elementor-widget elementor-widget-eael-fancy-text\" data-id=\"c7c619d\" data-element_type=\"widget\" data-widget_type=\"eael-fancy-text.default\">\n\t\t\t\t<div class=\"elementor-widget-container\">\n\t\t\t\t\t\n\t<div  class=\"eael-fancy-text-container style-1\" data-fancy-text-id=\"c7c619d\" data-fancy-text=\"|Vibrez joie et paix|Effectuez vos modifications internes|Apprenez \u00e0 ma\u00eetriser vos cellules\" data-fancy-text-transition-type=\"typing\" data-fancy-text-speed=\"50\" data-fancy-text-delay=\"2500\" data-fancy-text-cursor=\"yes\" data-fancy-text-loop=\"yes\" data-fancy-text-action=\"page_load\" >\n\t\t\n\t\t\n\t\t\t\t\t<span id=\"eael-fancy-text-c7c619d\" class=\"eael-fancy-text-strings solid-color\">\n\t\t\t\t<noscript>\n\t\t\t\t\tVibrate joy and peace, Make your internal changes, Learn to master your cells\t\t\t\t<\/noscript>\n\t\t\t<\/span>\n\t\t\n\t\t\t<\/div><!-- close .eael-fancy-text-container -->\n\n\t<div class=\"clearfix\"><\/div>\n\n\t\t\t\t\t<\/div>\n\t\t\t\t<\/div>\n\t\t\t\t\t<\/div>\n\t\t<\/div>\n\t\t\t\t\t<\/div>\n\t\t<\/section>\n\t\t\t\t<section data-particle_enable=\"false\" data-particle-mobile-disabled=\"false\" class=\"elementor-section elementor-top-section elementor-element elementor-element-59615648 elementor-section-boxed elementor-section-height-default elementor-section-height-default exad-glass-effect-no exad-sticky-section-no elementor-invisible\" data-id=\"59615648\" data-element_type=\"section\" data-settings=\"{&quot;animation&quot;:&quot;jello&quot;}\">\n\t\t\t\t\t\t<div class=\"elementor-container elementor-column-gap-default\">\n\t\t\t\t\t<div class=\"elementor-column elementor-col-100 elementor-top-column elementor-element elementor-element-1f4ef626 exad-glass-effect-no exad-sticky-section-no\" data-id=\"1f4ef626\" data-element_type=\"column\">\n\t\t\t<div class=\"elementor-widget-wrap elementor-element-populated\">\n\t\t\t\t\t\t<div class=\"elementor-element elementor-element-5cbc2a74 elementor-shape-rounded elementor-grid-0 e-grid-align-center exad-sticky-section-no exad-glass-effect-no elementor-invisible elementor-widget elementor-widget-social-icons\" data-id=\"5cbc2a74\" data-element_type=\"widget\" data-settings=\"{&quot;_animation&quot;:&quot;jello&quot;}\" data-widget_type=\"social-icons.default\">\n\t\t\t\t<div class=\"elementor-widget-container\">\n\t\t\t\t\t\t\t<div class=\"elementor-social-icons-wrapper elementor-grid\" role=\"list\">\n\t\t\t\t\t\t\t<span class=\"elementor-grid-item\" role=\"listitem\">\n\t\t\t\t\t<a class=\"elementor-icon elementor-social-icon elementor-social-icon-vk elementor-repeater-item-e04460e\" href=\"https:\/\/vk.com\/alliancescelestesfrance?t2fs=cc6d483210c9e3de94_2\" target=\"_blank\">\n\t\t\t\t\t\t<span class=\"elementor-screen-only\">Vk<\/span>\n\t\t\t\t\t\t<i class=\"fab fa-vk\"><\/i>\t\t\t\t\t<\/a>\n\t\t\t\t<\/span>\n\t\t\t\t\t\t\t<span class=\"elementor-grid-item\" role=\"listitem\">\n\t\t\t\t\t<a class=\"elementor-icon elementor-social-icon elementor-social-icon-youtube elementor-repeater-item-1317724\" href=\"https:\/\/www.youtube.com\/channel\/UCNyhu9pHPOlLZO_WeNn26Tw\" target=\"_blank\">\n\t\t\t\t\t\t<span class=\"elementor-screen-only\">Youtube<\/span>\n\t\t\t\t\t\t<i class=\"fab fa-youtube\"><\/i>\t\t\t\t\t<\/a>\n\t\t\t\t<\/span>\n\t\t\t\t\t<\/div>\n\t\t\t\t\t\t<\/div>\n\t\t\t\t<\/div>\n\t\t\t\t\t<\/div>\n\t\t<\/div>\n\t\t\t\t\t<\/div>\n\t\t<\/section>\n\t\t\t\t<\/div>","protected":false},"excerpt":{"rendered":"<p>Vk Youtube A.C.F. \u00c9tudes Scientifiques LES D\u00c9COUVERTES D&rsquo;ORDRE QUANTIQUE ET SCIENTIFIQUE De nouvelles d\u00e9couvertes \u00e9tonnantes trouv\u00e9es par des scientifiques de toutes nationalit\u00e9s apportent des \u00e9l\u00e9ments factuels aux informations re\u00e7ues par<a href=\"https:\/\/www.alliances-celestes.com\/en\/les-operations-nationales\/etudes-scientifiques\/\" class=\"more-link\"><span class=\"more-button\">Continue reading<span class=\"screen-reader-text\">Scientific Studies<\/span><\/span><\/a><\/p>","protected":false},"author":2,"featured_media":0,"parent":3891,"menu_order":0,"comment_status":"closed","ping_status":"closed","template":"elementor_header_footer","meta":{"footnotes":""},"class_list":["post-7032","page","type-page","status-publish","hentry"],"_links":{"self":[{"href":"https:\/\/www.alliances-celestes.com\/en\/wp-json\/wp\/v2\/pages\/7032","targetHints":{"allow":["GET"]}}],"collection":[{"href":"https:\/\/www.alliances-celestes.com\/en\/wp-json\/wp\/v2\/pages"}],"about":[{"href":"https:\/\/www.alliances-celestes.com\/en\/wp-json\/wp\/v2\/types\/page"}],"author":[{"embeddable":true,"href":"https:\/\/www.alliances-celestes.com\/en\/wp-json\/wp\/v2\/users\/2"}],"replies":[{"embeddable":true,"href":"https:\/\/www.alliances-celestes.com\/en\/wp-json\/wp\/v2\/comments?post=7032"}],"version-history":[{"count":0,"href":"https:\/\/www.alliances-celestes.com\/en\/wp-json\/wp\/v2\/pages\/7032\/revisions"}],"up":[{"embeddable":true,"href":"https:\/\/www.alliances-celestes.com\/en\/wp-json\/wp\/v2\/pages\/3891"}],"wp:attachment":[{"href":"https:\/\/www.alliances-celestes.com\/en\/wp-json\/wp\/v2\/media?parent=7032"}],"curies":[{"name":"wp","href":"https:\/\/api.w.org\/{rel}","templated":true}]}}