{"id":569,"date":"2022-03-10T00:37:35","date_gmt":"2022-03-09T23:37:35","guid":{"rendered":"https:\/\/www.alliances-celestes.com\/?page_id=569"},"modified":"2023-03-25T08:42:51","modified_gmt":"2023-03-25T07:42:51","slug":"informations-legales","status":"publish","type":"page","link":"https:\/\/www.alliances-celestes.com\/en\/organigramme\/informations-legales\/","title":{"rendered":"Legal information"},"content":{"rendered":"<div data-elementor-type=\"wp-page\" data-elementor-id=\"569\" class=\"elementor elementor-569\" data-elementor-settings=\"{&quot;ha_cmc_init_switcher&quot;:&quot;no&quot;}\" data-elementor-post-type=\"page\">\n\t\t\t\t\t\t<section data-particle_enable=\"false\" data-particle-mobile-disabled=\"false\" class=\"elementor-section elementor-top-section elementor-element elementor-element-447e90f elementor-section-boxed elementor-section-height-default elementor-section-height-default exad-glass-effect-no exad-sticky-section-no\" data-id=\"447e90f\" data-element_type=\"section\">\n\t\t\t\t\t\t<div class=\"elementor-container elementor-column-gap-default\">\n\t\t\t\t\t<div class=\"elementor-column elementor-col-100 elementor-top-column elementor-element elementor-element-70a83e99 exad-glass-effect-no exad-sticky-section-no\" data-id=\"70a83e99\" data-element_type=\"column\">\n\t\t\t<div class=\"elementor-widget-wrap elementor-element-populated\">\n\t\t\t\t\t\t<div class=\"elementor-element elementor-element-2324ee38 e-grid-align-right elementor-shape-rounded elementor-grid-0 exad-sticky-section-no exad-glass-effect-no elementor-invisible elementor-widget elementor-widget-social-icons\" data-id=\"2324ee38\" data-element_type=\"widget\" data-settings=\"{&quot;_animation&quot;:&quot;jello&quot;}\" data-widget_type=\"social-icons.default\">\n\t\t\t\t<div class=\"elementor-widget-container\">\n\t\t\t\t\t\t\t<div class=\"elementor-social-icons-wrapper elementor-grid\" role=\"list\">\n\t\t\t\t\t\t\t<span class=\"elementor-grid-item\" role=\"listitem\">\n\t\t\t\t\t<a class=\"elementor-icon elementor-social-icon elementor-social-icon-vk elementor-repeater-item-072f30f\" href=\"https:\/\/vk.com\/alliancescelestesfrance?t2fs=cc6d483210c9e3de94_2\" target=\"_blank\">\n\t\t\t\t\t\t<span class=\"elementor-screen-only\">Vk<\/span>\n\t\t\t\t\t\t<i class=\"fab fa-vk\"><\/i>\t\t\t\t\t<\/a>\n\t\t\t\t<\/span>\n\t\t\t\t\t\t\t<span class=\"elementor-grid-item\" role=\"listitem\">\n\t\t\t\t\t<a class=\"elementor-icon elementor-social-icon elementor-social-icon-youtube elementor-repeater-item-633b8e3\" href=\"https:\/\/www.youtube.com\/channel\/UCNyhu9pHPOlLZO_WeNn26Tw\" target=\"_blank\">\n\t\t\t\t\t\t<span class=\"elementor-screen-only\">Youtube<\/span>\n\t\t\t\t\t\t<i class=\"fab fa-youtube\"><\/i>\t\t\t\t\t<\/a>\n\t\t\t\t<\/span>\n\t\t\t\t\t<\/div>\n\t\t\t\t\t\t<\/div>\n\t\t\t\t<\/div>\n\t\t\t\t\t<\/div>\n\t\t<\/div>\n\t\t\t\t\t<\/div>\n\t\t<\/section>\n\t\t\t\t<section data-particle_enable=\"false\" data-particle-mobile-disabled=\"false\" class=\"elementor-section elementor-top-section elementor-element elementor-element-45c0b6ab elementor-section-boxed elementor-section-height-default elementor-section-height-default exad-glass-effect-no exad-sticky-section-no\" data-id=\"45c0b6ab\" data-element_type=\"section\">\n\t\t\t\t\t\t<div class=\"elementor-container elementor-column-gap-default\">\n\t\t\t\t\t<div class=\"elementor-column elementor-col-50 elementor-top-column elementor-element elementor-element-78e13cf9 exad-glass-effect-no exad-sticky-section-no\" data-id=\"78e13cf9\" data-element_type=\"column\">\n\t\t\t<div class=\"elementor-widget-wrap elementor-element-populated\">\n\t\t\t\t\t\t<div class=\"elementor-element elementor-element-f0064ea exad-sticky-section-no exad-glass-effect-no elementor-widget elementor-widget-html\" data-id=\"f0064ea\" data-element_type=\"widget\" data-widget_type=\"html.default\">\n\t\t\t\t<div class=\"elementor-widget-container\">\n\t\t\t\t\t<p align=\"left\">\r\n\t<img fetchpriority=\"high\" decoding=\"async\" border=\"0\" src=\"https:\/\/www.alliances-celestes.com\/wp-content\/uploads\/2022\/logos\/logo_untour.gif\" width=\"300\" height=\"300\">\r\n<\/p>\r\n\t\t\t\t<\/div>\n\t\t\t\t<\/div>\n\t\t\t\t\t<\/div>\n\t\t<\/div>\n\t\t\t\t<div class=\"elementor-column elementor-col-50 elementor-top-column elementor-element elementor-element-6aac86e0 exad-glass-effect-no exad-sticky-section-no\" data-id=\"6aac86e0\" data-element_type=\"column\">\n\t\t\t<div class=\"elementor-widget-wrap elementor-element-populated\">\n\t\t\t\t\t\t<div class=\"elementor-element elementor-element-79cfa656 exad-sticky-section-no exad-glass-effect-no elementor-invisible elementor-widget elementor-widget-heading\" data-id=\"79cfa656\" data-element_type=\"widget\" data-settings=\"{&quot;_animation&quot;:&quot;rotateInUpRight&quot;}\" data-widget_type=\"heading.default\">\n\t\t\t\t<div class=\"elementor-widget-container\">\n\t\t\t\t\t<h6 class=\"elementor-heading-title elementor-size-large\">A.C.F.<\/h6>\t\t\t\t<\/div>\n\t\t\t\t<\/div>\n\t\t\t\t\t<\/div>\n\t\t<\/div>\n\t\t\t\t\t<\/div>\n\t\t<\/section>\n\t\t\t\t<section data-particle_enable=\"false\" data-particle-mobile-disabled=\"false\" class=\"elementor-section elementor-top-section elementor-element elementor-element-6d481194 elementor-section-boxed elementor-section-height-default elementor-section-height-default exad-glass-effect-no exad-sticky-section-no\" data-id=\"6d481194\" data-element_type=\"section\">\n\t\t\t\t\t\t<div class=\"elementor-container elementor-column-gap-default\">\n\t\t\t\t\t<div class=\"elementor-column elementor-col-100 elementor-top-column elementor-element elementor-element-57db7d31 exad-glass-effect-no exad-sticky-section-no\" data-id=\"57db7d31\" data-element_type=\"column\">\n\t\t\t<div class=\"elementor-widget-wrap elementor-element-populated\">\n\t\t\t\t\t\t<div class=\"elementor-element elementor-element-16799f29 exad-sticky-section-no exad-glass-effect-no elementor-widget elementor-widget-html\" data-id=\"16799f29\" data-element_type=\"widget\" data-widget_type=\"html.default\">\n\t\t\t\t<div class=\"elementor-widget-container\">\n\t\t\t\t\t<div id=\"accueil\">\n\t<div id=\"titretex\" class=\"centrediv\">\n\t\tLegal information\n\t<\/div>\n<\/div>\t\t\t\t<\/div>\n\t\t\t\t<\/div>\n\t\t\t\t\t<\/div>\n\t\t<\/div>\n\t\t\t\t\t<\/div>\n\t\t<\/section>\n\t\t\t\t<section data-particle_enable=\"true\" class=\"eael-section-particles-61d88f15 elementor-section elementor-top-section elementor-element elementor-element-61d88f15 elementor-section-boxed elementor-section-height-default elementor-section-height-default exad-glass-effect-no exad-sticky-section-no elementor-invisible\" data-eael_ptheme_source=\"presets\" data-preset_theme=\"default\" data-custom_style=\"\" data-particle_opacity=\"0.5\" data-particle_speed=\"6\" data-particle-mobile-disabled=\"false\" data-id=\"61d88f15\" data-element_type=\"section\" data-settings=\"{&quot;animation&quot;:&quot;slideInLeft&quot;,&quot;background_background&quot;:&quot;gradient&quot;}\">\n\t\t\t\t\t\t<div class=\"elementor-container elementor-column-gap-default\">\n\t\t\t\t\t<div class=\"elementor-column elementor-col-100 elementor-top-column elementor-element elementor-element-8988781 exad-glass-effect-no exad-sticky-section-no\" data-id=\"8988781\" data-element_type=\"column\">\n\t\t\t<div class=\"elementor-widget-wrap elementor-element-populated\">\n\t\t\t\t\t\t<div class=\"elementor-element elementor-element-71ba9f9f exad-sticky-section-no exad-glass-effect-no elementor-widget elementor-widget-text-editor\" data-id=\"71ba9f9f\" data-element_type=\"widget\" data-widget_type=\"text-editor.default\">\n\t\t\t\t<div class=\"elementor-widget-container\">\n\t\t\t\t\t\t\t\t\t<p><strong>Please read these terms of use carefully before using this site. <\/strong><\/p><p><strong>By logging on to this site, you accept these terms and conditions without reservation.<\/strong><\/p>\t\t\t\t\t\t\t\t<\/div>\n\t\t\t\t<\/div>\n\t\t\t\t\t<\/div>\n\t\t<\/div>\n\t\t\t\t\t<\/div>\n\t\t<\/section>\n\t\t            <style>\n                .elementor-element-61d88f15.eael-particles-section > canvas {\n                    z-index: 1;\n                    position: absolute;\n                    top:0;\n                }\n            <\/style>\n        \t\t<section data-particle_enable=\"false\" data-particle-mobile-disabled=\"false\" class=\"elementor-section elementor-top-section elementor-element elementor-element-a03f3f1 elementor-section-boxed elementor-section-height-default elementor-section-height-default exad-glass-effect-no exad-sticky-section-no\" data-id=\"a03f3f1\" data-element_type=\"section\">\n\t\t\t\t\t\t<div class=\"elementor-container elementor-column-gap-default\">\n\t\t\t\t\t<div class=\"elementor-column elementor-col-100 elementor-top-column elementor-element elementor-element-6d519e6 exad-glass-effect-no exad-sticky-section-no\" data-id=\"6d519e6\" data-element_type=\"column\">\n\t\t\t<div class=\"elementor-widget-wrap elementor-element-populated\">\n\t\t\t\t\t\t<div class=\"elementor-element elementor-element-7e2a5de exad-sticky-section-no exad-glass-effect-no elementor-widget elementor-widget-text-editor\" data-id=\"7e2a5de\" data-element_type=\"widget\" data-widget_type=\"text-editor.default\">\n\t\t\t\t<div class=\"elementor-widget-container\">\n\t\t\t\t\t\t\t\t\t<ol><li><strong><u>Identity<\/u><\/strong><\/li><\/ol><p>www.alliances-celestes.com is a website of the NGO Alliances C\u00e9lestes Internationales (ACI) based in Renens and whose head office is located at Chemin des P\u00e9pini\u00e8res 9.<\/p><p>This non-profit association in the sense of articles 60 and following of the Swiss civil code was created on December 04, 2021.<\/p><p>Its Board is made up of its 3 founders:<\/p><ul><li>President - Giovanni Ventre<\/li><li>General Manager - Jean-Michel Raoux<\/li><li>Treasurer - Marie-Jos\u00e9 Wallart<\/li><\/ul><p>This site reflects the activity of its French branch, Alliances C\u00e9lestes France (ACF).<\/p><p>The NGO can be contacted at any time by email at\u00a0<a href=\"mailto:contact@alliances-celestes.com\">contact@alliances-celestes.com<\/a>.<\/p><p>The Website is published under WordPress and hosted by OVH.<\/p><ol start=\"2\"><li><strong><u>Terms of use<\/u><\/strong><\/li><\/ol><p>The site accessible by the url www.alliances-celestes.com is operated in compliance with the legislation in force. The use of this site is governed by these general conditions. By using the site, you acknowledge having read these conditions and having accepted them. These can be modified at any time and without notice by our NGO.<br \/>Neither our NGO, nor its owners, can be held responsible in any way for misuse of the service.<\/p><ol start=\"3\"><li><strong><u>Limitation of liability<\/u><\/strong><\/li><\/ol><p>The information contained on this site is as accurate as possible and the site is periodically updated, but may contain inaccuracies, omissions or gaps. If you notice a gap, error or what seems to be a malfunction, please report it by email describing the problem as precisely as possible (page causing the problem, triggering action, type of computer and browser used, ...).<\/p><p>The photos are not contractual.<\/p><p>The hypertext links set up within the framework of this website towards other resources present on the Internet network cannot engage the responsibility of the NGO ACI or ACF.<\/p><ol start=\"4\"><li><strong><u>Litigation<\/u><\/strong><\/li><\/ol><p>The present conditions are governed by the Swiss laws and any dispute or litigation which could arise from the interpretation or the execution of these will be of the exclusive competence of the courts on which depends the registered office of the NGO. The language of reference for the settlement of any disputes is French.<\/p><ol start=\"5\"><li><span style=\"text-decoration: underline;\"><strong> Right of access<\/strong><\/span><\/li><\/ol><p>In application of this law, Internet users have the right to access, rectify, modify and delete data concerning them personally. This right can be exercised by contacting Alliances C\u00e9lestes France by e-mail at the following address\u00a0<a href=\"mailto:contact@alliances-celestes.com\">contact@alliances-celestes.com<\/a>.<br \/>The personal information collected is in no case entrusted to third parties, except for the possible good execution of the service ordered by the Internet user.<\/p><ol start=\"6\"><li><strong><u>Privacy<\/u><\/strong><\/li><\/ol><p>Your personal data are confidential and will not be communicated to third parties, except for the proper execution of the service.<\/p><ol start=\"7\"><li><strong><u>Intellectual Property<\/u><\/strong><\/li><\/ol><p>All content on this site, including, but not limited to, graphics, images, text, videos, animations, sounds, logos, gifs and icons, as well as their formatting, are the exclusive property of Alliances C\u00e9lestes France, with the exception of trademarks, logos or content belonging to other companies or authors.<br \/>Any reproduction, distribution, modification, adaptation, retransmission or publication, even partial, of these various elements is strictly forbidden without the express written consent of Alliances C\u00e9lestes France. This representation or reproduction, by any means whatsoever, constitutes an infringement punishable by articles L.3335-2 and following of the Intellectual Property Code. Failure to comply with this prohibition constitutes an infringement that may engage the civil and criminal liability of the infringer. In addition, the owners of the copied Contents could bring a legal action against you.<\/p><p>Users and visitors of the website can set up a hyperlink to this site, but only to the home page, accessible at the following URL <a href=\"https:\/\/www.alliances-celestes.com\/en\/\">www.alliances-celestes.com<\/a>provided that this link opens in a new window.\u00a0<\/p><p>For any request for authorization or information, please contact us by email at\u00a0<a href=\"mailto:contact@alliances-celestes.com\">contact@alliances-celestes.com<\/a>.<\/p><ol start=\"8\"><li><strong><u>Information and exclusion<\/u><\/strong><\/li><\/ol><p>Alliances C\u00e9lestes makes every effort to provide reliable information and to update its website. However, errors or omissions may occur. The user must therefore ensure the accuracy of information from our NGO, and report any changes to the site that he or she deems useful. The NGO is in no way responsible for the use made of this information, and for any direct or indirect prejudice that may result from it.<\/p><ol start=\"9\"><li><strong><u>Cookies<\/u><\/strong><\/li><\/ol><p>For statistical and display purposes, this site uses cookies. These are small text files that are stored on your hard drive to record technical data about your browsing. The current situation prevents the deletion of these cookies used mainly by Google and some parts of this site can not be functional without the acceptance of these cookies. These cookies have not been voluntarily set by our NGO.<\/p><ol start=\"10\"><li><strong><u>Hypertext links<\/u><\/strong><\/li><\/ol><p>The Celestial Alliances France website may provide links to other websites or other resources available on the Internet.<a href=\"https:\/\/www.natural-net.fr\/\"><br \/><\/a><br \/>Alliances C\u00e9lestes France has no way of controlling the sites linked to its Web site. Alliances C\u00e9lestes France is not responsible for the availability of such external sites and sources, and therefore cannot guarantee them. Alliances C\u00e9lestes France cannot be held responsible for any damages of any kind resulting from the content of such external sites or sources, including any information, products or services they offer, or any use that may be made of such materials. The risks related to this use are fully incumbent on the Internet user, who must comply with their conditions of use.<\/p><p>If a user or visitor wishes to set up a hyperlink to the website of Alliances C\u00e9lestes France, he or she should send an email to the address indicated on the website in order to make his or her request to set up a hyperlink. Alliances C\u00e9lestes France reserves the right to accept or refuse a hyperlink without having to justify its decision.<\/p><ol start=\"11\"><li><strong><u>Responsibility<\/u><\/strong><\/li><\/ol><p>No other guarantee is given to the customer, who has the obligation to clearly formulate his needs and the duty to inform himself. If the information provided by Alliances C\u00e9lestes France appears to be inaccurate, it is the customer's responsibility to verify the coherence or plausibility of the results obtained. The NGO will not be responsible in any way to third parties for the use by the customer of the information or lack thereof contained in its products including its website.<\/p><ol start=\"12\"><li><strong><u>Contact us<\/u><\/strong><\/li><\/ol><p>Celestial Alliances France is at your disposal for any comments or suggestions. You can write to us in French by e-mail at\u00a0<a href=\"mailto:contact@alliances-celestes.com\">contact@alliances-celestes.com<\/a>.<\/p>\t\t\t\t\t\t\t\t<\/div>\n\t\t\t\t<\/div>\n\t\t\t\t\t<\/div>\n\t\t<\/div>\n\t\t\t\t\t<\/div>\n\t\t<\/section>\n\t\t\t\t<section data-particle_enable=\"false\" data-particle-mobile-disabled=\"false\" class=\"elementor-section elementor-top-section elementor-element elementor-element-2299d3f elementor-section-boxed elementor-section-height-default elementor-section-height-default exad-glass-effect-no exad-sticky-section-no\" data-id=\"2299d3f\" data-element_type=\"section\">\n\t\t\t\t\t\t<div class=\"elementor-container elementor-column-gap-default\">\n\t\t\t\t\t<div class=\"elementor-column elementor-col-100 elementor-top-column elementor-element elementor-element-5a4615e exad-glass-effect-no exad-sticky-section-no\" data-id=\"5a4615e\" data-element_type=\"column\">\n\t\t\t<div class=\"elementor-widget-wrap elementor-element-populated\">\n\t\t\t\t\t\t<div class=\"elementor-element elementor-element-26ca619 exad-sticky-section-no exad-glass-effect-no elementor-widget elementor-widget-image\" data-id=\"26ca619\" data-element_type=\"widget\" data-widget_type=\"image.default\">\n\t\t\t\t<div class=\"elementor-widget-container\">\n\t\t\t\t\t\t\t\t\t\t\t\t\t\t\t\t<a href=\"https:\/\/www.alliances-celestes.com\/wp-content\/uploads\/2022\/04\/CHARTE-BENEVOLES-DE-LONG-ACF.pdf\" target=\"_blank\">\n\t\t\t\t\t\t\t<img decoding=\"async\" width=\"300\" height=\"200\" src=\"https:\/\/www.alliances-celestes.com\/wp-content\/uploads\/2022\/04\/Charte-scaled-300x200.jpg\" class=\"attachment-medium size-medium wp-image-2910\" alt=\"\" srcset=\"https:\/\/www.alliances-celestes.com\/wp-content\/uploads\/2022\/04\/Charte-scaled-300x200.jpg 300w, https:\/\/www.alliances-celestes.com\/wp-content\/uploads\/2022\/04\/Charte-scaled-600x400.jpg 600w, https:\/\/www.alliances-celestes.com\/wp-content\/uploads\/2022\/04\/Charte-scaled-768x512.jpg 768w, https:\/\/www.alliances-celestes.com\/wp-content\/uploads\/2022\/04\/Charte-scaled-1024x683.jpg 1024w, https:\/\/www.alliances-celestes.com\/wp-content\/uploads\/2022\/04\/Charte-scaled-391x260.jpg 391w, https:\/\/www.alliances-celestes.com\/wp-content\/uploads\/2022\/04\/Charte-scaled-1536x1024.jpg 1536w, https:\/\/www.alliances-celestes.com\/wp-content\/uploads\/2022\/04\/Charte-scaled-2048x1366.jpg 2048w, https:\/\/www.alliances-celestes.com\/wp-content\/uploads\/2022\/04\/Charte-scaled-18x12.jpg 18w, https:\/\/www.alliances-celestes.com\/wp-content\/uploads\/2022\/04\/Charte-scaled-640x427.jpg 640w, https:\/\/www.alliances-celestes.com\/wp-content\/uploads\/2022\/04\/Charte-scaled-100x67.jpg 100w\" sizes=\"(max-width: 300px) 100vw, 300px\" \/>\t\t\t\t\t\t\t\t<\/a>\n\t\t\t\t\t\t\t\t\t\t\t\t\t\t\t<\/div>\n\t\t\t\t<\/div>\n\t\t\t\t\t<\/div>\n\t\t<\/div>\n\t\t\t\t\t<\/div>\n\t\t<\/section>\n\t\t\t\t<section data-particle_enable=\"false\" data-particle-mobile-disabled=\"false\" class=\"elementor-section elementor-top-section elementor-element elementor-element-daaf834 elementor-section-boxed elementor-section-height-default elementor-section-height-default exad-glass-effect-no exad-sticky-section-no elementor-invisible\" data-id=\"daaf834\" data-element_type=\"section\" data-settings=\"{&quot;animation&quot;:&quot;jello&quot;}\">\n\t\t\t\t\t\t<div class=\"elementor-container elementor-column-gap-default\">\n\t\t\t\t\t<div class=\"elementor-column elementor-col-100 elementor-top-column elementor-element elementor-element-7ad21e68 exad-glass-effect-no exad-sticky-section-no\" data-id=\"7ad21e68\" data-element_type=\"column\">\n\t\t\t<div class=\"elementor-widget-wrap elementor-element-populated\">\n\t\t\t\t\t\t<div class=\"elementor-element elementor-element-13d661d4 elementor-shape-rounded elementor-grid-0 e-grid-align-center exad-sticky-section-no exad-glass-effect-no elementor-invisible elementor-widget elementor-widget-social-icons\" data-id=\"13d661d4\" data-element_type=\"widget\" data-settings=\"{&quot;_animation&quot;:&quot;jello&quot;}\" data-widget_type=\"social-icons.default\">\n\t\t\t\t<div class=\"elementor-widget-container\">\n\t\t\t\t\t\t\t<div class=\"elementor-social-icons-wrapper elementor-grid\" role=\"list\">\n\t\t\t\t\t\t\t<span class=\"elementor-grid-item\" role=\"listitem\">\n\t\t\t\t\t<a class=\"elementor-icon elementor-social-icon elementor-social-icon-vk elementor-repeater-item-e04460e\" href=\"https:\/\/vk.com\/alliancescelestesfrance?t2fs=cc6d483210c9e3de94_2\" target=\"_blank\">\n\t\t\t\t\t\t<span class=\"elementor-screen-only\">Vk<\/span>\n\t\t\t\t\t\t<i class=\"fab fa-vk\"><\/i>\t\t\t\t\t<\/a>\n\t\t\t\t<\/span>\n\t\t\t\t\t\t\t<span class=\"elementor-grid-item\" role=\"listitem\">\n\t\t\t\t\t<a class=\"elementor-icon elementor-social-icon elementor-social-icon-youtube elementor-repeater-item-1317724\" href=\"https:\/\/www.youtube.com\/channel\/UCNyhu9pHPOlLZO_WeNn26Tw\" target=\"_blank\">\n\t\t\t\t\t\t<span class=\"elementor-screen-only\">Youtube<\/span>\n\t\t\t\t\t\t<i class=\"fab fa-youtube\"><\/i>\t\t\t\t\t<\/a>\n\t\t\t\t<\/span>\n\t\t\t\t\t<\/div>\n\t\t\t\t\t\t<\/div>\n\t\t\t\t<\/div>\n\t\t\t\t\t<\/div>\n\t\t<\/div>\n\t\t\t\t\t<\/div>\n\t\t<\/section>\n\t\t\t\t<\/div>","protected":false},"excerpt":{"rendered":"<p>Vk Youtube A.C.F. Legal information Please read these terms of use carefully before using this site. By connecting to this site, you accept without reservation<a href=\"https:\/\/www.alliances-celestes.com\/en\/organigramme\/informations-legales\/\" class=\"more-link\"><span class=\"more-button\">Continue reading<span class=\"screen-reader-text\">Legal information<\/span><\/span><\/a><\/p>","protected":false},"author":2,"featured_media":0,"parent":568,"menu_order":0,"comment_status":"closed","ping_status":"closed","template":"elementor_header_footer","meta":{"footnotes":""},"class_list":["post-569","page","type-page","status-publish","hentry"],"_links":{"self":[{"href":"https:\/\/www.alliances-celestes.com\/en\/wp-json\/wp\/v2\/pages\/569","targetHints":{"allow":["GET"]}}],"collection":[{"href":"https:\/\/www.alliances-celestes.com\/en\/wp-json\/wp\/v2\/pages"}],"about":[{"href":"https:\/\/www.alliances-celestes.com\/en\/wp-json\/wp\/v2\/types\/page"}],"author":[{"embeddable":true,"href":"https:\/\/www.alliances-celestes.com\/en\/wp-json\/wp\/v2\/users\/2"}],"replies":[{"embeddable":true,"href":"https:\/\/www.alliances-celestes.com\/en\/wp-json\/wp\/v2\/comments?post=569"}],"version-history":[{"count":0,"href":"https:\/\/www.alliances-celestes.com\/en\/wp-json\/wp\/v2\/pages\/569\/revisions"}],"up":[{"embeddable":true,"href":"https:\/\/www.alliances-celestes.com\/en\/wp-json\/wp\/v2\/pages\/568"}],"wp:attachment":[{"href":"https:\/\/www.alliances-celestes.com\/en\/wp-json\/wp\/v2\/media?parent=569"}],"curies":[{"name":"wp","href":"https:\/\/api.w.org\/{rel}","templated":true}]}}